{"id":454,"date":"2024-04-14T15:57:59","date_gmt":"2024-04-14T13:57:59","guid":{"rendered":"https:\/\/www.sarahcarina.de\/?page_id=454"},"modified":"2026-01-24T12:48:53","modified_gmt":"2026-01-24T11:48:53","slug":"partner-sponsoren","status":"publish","type":"page","link":"https:\/\/www.sarahcarina.de\/?page_id=454","title":{"rendered":"Partner &#038; Sponsoren"},"content":{"rendered":"\n<p><strong>Gemeinsam mehr bewegen.<\/strong><\/p>\n\n\n\n<p>Erfolgreiche Musik lebt von starken Partnerschaften. Auf dieser Seite finden sich die Partner und Sponsoren, die Sarah Carina auf ihrem musikalischen Weg begleiten und unterst\u00fctzen. Durch Vertrauen, Zusammenarbeit und gemeinsame Werte entstehen Projekte, die \u00fcber einzelne Auftritte hinausgehen.<\/p>\n\n\n\n<p>Ob bei Stadtfesten, Kulturveranstaltungen oder besonderen Events \u2013 diese Partnerschaften erm\u00f6glichen Qualit\u00e4t, Verl\u00e4sslichkeit und emotionale Live-Momente f\u00fcr das Publikum. Daf\u00fcr gilt allen Partnern und Sponsoren ein aufrichtiger Dank.<\/p>\n\n\n\n<p>Gemeinsam schaffen wir Erlebnisse, die verbinden und in Erinnerung bleiben.<\/p>\n\n\n\n<div class=\"wp-block-media-text is-stacked-on-mobile\" style=\"grid-template-columns:30% auto\"><figure class=\"wp-block-media-text__media\"><a href=\"https:\/\/www.crazyspeaker.de\" target=\"_blank\" rel=\"noreferrer noopener\"><img fetchpriority=\"high\" decoding=\"async\" width=\"1024\" height=\"768\" src=\"https:\/\/www.sarahcarina.de\/wp-content\/uploads\/2024\/04\/IMG_1920-1024x768.jpeg\" alt=\"Ton &amp; Lichttechnik\" class=\"wp-image-458 size-full\" srcset=\"https:\/\/www.sarahcarina.de\/wp-content\/uploads\/2024\/04\/IMG_1920-1024x768.jpeg 1024w, https:\/\/www.sarahcarina.de\/wp-content\/uploads\/2024\/04\/IMG_1920-300x225.jpeg 300w, https:\/\/www.sarahcarina.de\/wp-content\/uploads\/2024\/04\/IMG_1920-768x576.jpeg 768w, https:\/\/www.sarahcarina.de\/wp-content\/uploads\/2024\/04\/IMG_1920-1536x1152.jpeg 1536w, https:\/\/www.sarahcarina.de\/wp-content\/uploads\/2024\/04\/IMG_1920.jpeg 1600w\" sizes=\"(max-width: 1024px) 100vw, 1024px\" \/><\/a><\/figure><div class=\"wp-block-media-text__content\">\n<p class=\"has-text-align-center\">Meine 1. Wahl wenn ich Technik ben\u00f6tige<\/p>\n<\/div><\/div>\n\n\n\n<div class=\"wp-block-media-text is-stacked-on-mobile is-vertically-aligned-center\" style=\"grid-template-columns:30% auto\"><figure class=\"wp-block-media-text__media\"><img decoding=\"async\" width=\"497\" height=\"497\" src=\"https:\/\/www.sarahcarina.de\/wp-content\/uploads\/2024\/04\/IMG_1463.jpeg\" alt=\"\" class=\"wp-image-463 size-full\" srcset=\"https:\/\/www.sarahcarina.de\/wp-content\/uploads\/2024\/04\/IMG_1463.jpeg 497w, https:\/\/www.sarahcarina.de\/wp-content\/uploads\/2024\/04\/IMG_1463-300x300.jpeg 300w, https:\/\/www.sarahcarina.de\/wp-content\/uploads\/2024\/04\/IMG_1463-150x150.jpeg 150w, https:\/\/www.sarahcarina.de\/wp-content\/uploads\/2024\/04\/IMG_1463-100x100.jpeg 100w\" sizes=\"(max-width: 497px) 100vw, 497px\" \/><\/figure><div class=\"wp-block-media-text__content\">\n<p class=\"has-text-align-center\">Mein Mann am Mischpult. Vertrauen ist gut, Oli ist besser !<\/p>\n<\/div><\/div>\n\n\n\n<figure class=\"wp-block-image size-full is-resized\"><a href=\"https:\/\/www.elbo-therm.de\" target=\"_blank\" rel=\" noreferrer noopener\"><img decoding=\"async\" width=\"500\" height=\"192\" src=\"https:\/\/www.sarahcarina.de\/wp-content\/uploads\/2025\/02\/IMG_5496.webp\" alt=\"\" class=\"wp-image-858\" style=\"width:388px;height:auto\" srcset=\"https:\/\/www.sarahcarina.de\/wp-content\/uploads\/2025\/02\/IMG_5496.webp 500w, https:\/\/www.sarahcarina.de\/wp-content\/uploads\/2025\/02\/IMG_5496-300x115.webp 300w\" sizes=\"(max-width: 500px) 100vw, 500px\" \/><\/a><\/figure>\n\n\n\n<p><\/p>\n\n\n\n<figure class=\"wp-block-image size-full is-resized\"><img loading=\"lazy\" decoding=\"async\" width=\"123\" height=\"128\" src=\"https:\/\/www.sarahcarina.de\/wp-content\/uploads\/2026\/01\/Bild-1.jpeg\" alt=\"\" class=\"wp-image-1202\" style=\"width:219px;height:auto\"\/><\/figure>\n\n\n\n<p><\/p>\n","protected":false},"excerpt":{"rendered":"<p>Gemeinsam mehr bewegen. Erfolgreiche Musik lebt von starken Partnerschaften. Auf dieser Seite finden sich die Partner und Sponsoren, die Sarah<\/p>\n","protected":false},"author":1,"featured_media":0,"parent":0,"menu_order":0,"comment_status":"closed","ping_status":"closed","template":"","meta":{"footnotes":""},"class_list":["post-454","page","type-page","status-publish","hentry"],"_links":{"self":[{"href":"https:\/\/www.sarahcarina.de\/index.php?rest_route=\/wp\/v2\/pages\/454","targetHints":{"allow":["GET"]}}],"collection":[{"href":"https:\/\/www.sarahcarina.de\/index.php?rest_route=\/wp\/v2\/pages"}],"about":[{"href":"https:\/\/www.sarahcarina.de\/index.php?rest_route=\/wp\/v2\/types\/page"}],"author":[{"embeddable":true,"href":"https:\/\/www.sarahcarina.de\/index.php?rest_route=\/wp\/v2\/users\/1"}],"replies":[{"embeddable":true,"href":"https:\/\/www.sarahcarina.de\/index.php?rest_route=%2Fwp%2Fv2%2Fcomments&post=454"}],"version-history":[{"count":19,"href":"https:\/\/www.sarahcarina.de\/index.php?rest_route=\/wp\/v2\/pages\/454\/revisions"}],"predecessor-version":[{"id":1203,"href":"https:\/\/www.sarahcarina.de\/index.php?rest_route=\/wp\/v2\/pages\/454\/revisions\/1203"}],"wp:attachment":[{"href":"https:\/\/www.sarahcarina.de\/index.php?rest_route=%2Fwp%2Fv2%2Fmedia&parent=454"}],"curies":[{"name":"wp","href":"https:\/\/api.w.org\/{rel}","templated":true}]}}