{"id":554,"date":"2024-09-13T11:58:14","date_gmt":"2024-09-13T09:58:14","guid":{"rendered":"https:\/\/www.sarahcarina.de\/?page_id=554"},"modified":"2026-01-04T16:04:24","modified_gmt":"2026-01-04T15:04:24","slug":"sarah-live","status":"publish","type":"page","link":"https:\/\/www.sarahcarina.de\/?page_id=554","title":{"rendered":"Sarah Live"},"content":{"rendered":"\n<p class=\"has-large-font-size\"><strong>\u2013 wenn Musik f\u00fchlbar wird.<\/strong><\/p>\n\n\n\n<p>Live zu singen bedeutet f\u00fcr Sarah Carina, sich zu \u00f6ffnen. Jeder Auftritt ist ein ehrlicher Moment, getragen von Emotion, Stimme und der Verbindung zum Publikum. Zwischen leisen T\u00f6nen und kraftvollen Refrains entsteht ein Raum, in dem Gef\u00fchle Platz haben d\u00fcrfen \u2013 ungesch\u00f6nt, nah und echt.<\/p>\n\n\n\n<p>Sarah Carinas Live-Shows leben von Intuition und Pr\u00e4senz. Sie sp\u00fcrt die Stimmung, nimmt sie auf und macht sie zu einem Teil der Musik. Mal still und ber\u00fchrend, mal voller Energie und Lebensfreude \u2013 immer im direkten Austausch mit den Menschen vor der B\u00fchne.<\/p>\n\n\n\n<p>Mit modernen Schlager-, Popschlager- und Eurodance-Arrangements schafft sie Momente, die bleiben. Momente, in denen man mitsingt, inneh\u00e4lt, tanzt oder einfach nur f\u00fchlt. \u201eSarah Live\u201c ist kein festes Programm, sondern ein Erlebnis, das sich dem Augenblick hingibt.<\/p>\n\n\n\n<p>Wer Sarah Carina live erlebt, h\u00f6rt nicht nur Musik \u2013 er sp\u00fcrt sie.<\/p>\n\n\n\n<figure class=\"wp-block-video\"><video height=\"480\" style=\"aspect-ratio: 848 \/ 480;\" width=\"848\" controls src=\"https:\/\/www.sarahcarina.de\/wp-content\/uploads\/2024\/04\/28483389-36b4-4b67-80b7-237d74e76f07.mp4\"><\/video><figcaption class=\"wp-element-caption\">Live im Kult Oberhausen<\/figcaption><\/figure>\n","protected":false},"excerpt":{"rendered":"<p>\u2013 wenn Musik f\u00fchlbar wird. Live zu singen bedeutet f\u00fcr Sarah Carina, sich zu \u00f6ffnen. Jeder Auftritt ist ein ehrlicher<\/p>\n","protected":false},"author":1,"featured_media":0,"parent":0,"menu_order":0,"comment_status":"closed","ping_status":"closed","template":"","meta":{"footnotes":""},"class_list":["post-554","page","type-page","status-publish","hentry"],"_links":{"self":[{"href":"https:\/\/www.sarahcarina.de\/index.php?rest_route=\/wp\/v2\/pages\/554","targetHints":{"allow":["GET"]}}],"collection":[{"href":"https:\/\/www.sarahcarina.de\/index.php?rest_route=\/wp\/v2\/pages"}],"about":[{"href":"https:\/\/www.sarahcarina.de\/index.php?rest_route=\/wp\/v2\/types\/page"}],"author":[{"embeddable":true,"href":"https:\/\/www.sarahcarina.de\/index.php?rest_route=\/wp\/v2\/users\/1"}],"replies":[{"embeddable":true,"href":"https:\/\/www.sarahcarina.de\/index.php?rest_route=%2Fwp%2Fv2%2Fcomments&post=554"}],"version-history":[{"count":5,"href":"https:\/\/www.sarahcarina.de\/index.php?rest_route=\/wp\/v2\/pages\/554\/revisions"}],"predecessor-version":[{"id":1182,"href":"https:\/\/www.sarahcarina.de\/index.php?rest_route=\/wp\/v2\/pages\/554\/revisions\/1182"}],"wp:attachment":[{"href":"https:\/\/www.sarahcarina.de\/index.php?rest_route=%2Fwp%2Fv2%2Fmedia&parent=554"}],"curies":[{"name":"wp","href":"https:\/\/api.w.org\/{rel}","templated":true}]}}