{"id":556,"date":"2024-09-13T11:58:34","date_gmt":"2024-09-13T09:58:34","guid":{"rendered":"https:\/\/www.sarahcarina.de\/?page_id=556"},"modified":"2026-01-04T16:11:40","modified_gmt":"2026-01-04T15:11:40","slug":"live-videos","status":"publish","type":"page","link":"https:\/\/www.sarahcarina.de\/?page_id=556","title":{"rendered":"Bewegte Bilder. Echte Emotionen."},"content":{"rendered":"\n<p>Live-Videos fangen ein, was Worte oft nicht beschreiben k\u00f6nnen: Stimmung, Energie und die besondere N\u00e4he zwischen B\u00fchne und Publikum. Sie zeigen Sarah Carina in genau den Momenten, in denen Musik lebendig wird \u2013 ehrlich, intensiv und mitten im Geschehen.<\/p>\n\n\n\n<p>Ob Stadtfest, Kulturveranstaltung oder Konzert \u2013 diese Videos geben Einblicke in Live-Auftritte, spontane Augenblicke und musikalische Highlights, die in Erinnerung bleiben.<\/p>\n\n\n\n<p><\/p>\n\n\n\n<p>Songpremiere &#8222;Eine Nacht&#8220; 2019 in der Midlife Borken<\/p>\n\n\n\n<figure class=\"wp-block-embed is-type-video is-provider-youtube wp-block-embed-youtube wp-embed-aspect-16-9 wp-has-aspect-ratio\"><div class=\"wp-block-embed__wrapper\">\n<iframe title=\"Sarah Carina Eine Nacht\" width=\"1170\" height=\"658\" src=\"https:\/\/www.youtube.com\/embed\/GQ35oYGshXo?feature=oembed\" frameborder=\"0\" allow=\"accelerometer; autoplay; clipboard-write; encrypted-media; gyroscope; picture-in-picture; web-share\" referrerpolicy=\"strict-origin-when-cross-origin\" allowfullscreen><\/iframe>\n<\/div><\/figure>\n\n\n\n<p>MEGACHANCE 2015 im Megapark<\/p>\n\n\n\n<figure class=\"wp-block-embed is-type-video is-provider-youtube wp-block-embed-youtube wp-embed-aspect-16-9 wp-has-aspect-ratio\"><div class=\"wp-block-embed__wrapper\">\n<iframe title=\"MEGAPARK TV \/\/ MEGACHANCE \/\/ Sarah Carina Interview &amp; Auftritt\" width=\"1170\" height=\"658\" src=\"https:\/\/www.youtube.com\/embed\/99mThRA7Rcc?feature=oembed\" frameborder=\"0\" allow=\"accelerometer; autoplay; clipboard-write; encrypted-media; gyroscope; picture-in-picture; web-share\" referrerpolicy=\"strict-origin-when-cross-origin\" allowfullscreen><\/iframe>\n<\/div><\/figure>\n","protected":false},"excerpt":{"rendered":"<p>Live-Videos fangen ein, was Worte oft nicht beschreiben k\u00f6nnen: Stimmung, Energie und die besondere N\u00e4he zwischen B\u00fchne und Publikum. Sie<\/p>\n","protected":false},"author":1,"featured_media":0,"parent":0,"menu_order":0,"comment_status":"closed","ping_status":"closed","template":"","meta":{"footnotes":""},"class_list":["post-556","page","type-page","status-publish","hentry"],"_links":{"self":[{"href":"https:\/\/www.sarahcarina.de\/index.php?rest_route=\/wp\/v2\/pages\/556","targetHints":{"allow":["GET"]}}],"collection":[{"href":"https:\/\/www.sarahcarina.de\/index.php?rest_route=\/wp\/v2\/pages"}],"about":[{"href":"https:\/\/www.sarahcarina.de\/index.php?rest_route=\/wp\/v2\/types\/page"}],"author":[{"embeddable":true,"href":"https:\/\/www.sarahcarina.de\/index.php?rest_route=\/wp\/v2\/users\/1"}],"replies":[{"embeddable":true,"href":"https:\/\/www.sarahcarina.de\/index.php?rest_route=%2Fwp%2Fv2%2Fcomments&post=556"}],"version-history":[{"count":7,"href":"https:\/\/www.sarahcarina.de\/index.php?rest_route=\/wp\/v2\/pages\/556\/revisions"}],"predecessor-version":[{"id":1186,"href":"https:\/\/www.sarahcarina.de\/index.php?rest_route=\/wp\/v2\/pages\/556\/revisions\/1186"}],"wp:attachment":[{"href":"https:\/\/www.sarahcarina.de\/index.php?rest_route=%2Fwp%2Fv2%2Fmedia&parent=556"}],"curies":[{"name":"wp","href":"https:\/\/api.w.org\/{rel}","templated":true}]}}