{"id":572,"date":"2024-09-13T13:02:20","date_gmt":"2024-09-13T11:02:20","guid":{"rendered":"https:\/\/www.sarahcarina.de\/?page_id=572"},"modified":"2026-02-21T07:26:12","modified_gmt":"2026-02-21T06:26:12","slug":"meine-musik","status":"publish","type":"page","link":"https:\/\/www.sarahcarina.de\/?page_id=572","title":{"rendered":"Musik erz\u00e4hlt Geschichten \u2013 meine."},"content":{"rendered":"\n<p>Meine Musik entsteht aus Momenten, Gef\u00fchlen und Erfahrungen, die ehrlich und direkt sind. Sie bewegt sich zwischen modernem Schlager, Popschlager und Eurodance \u2013 mal ruhig und ber\u00fchrend, mal kraftvoll und mitrei\u00dfend. Jeder Song tr\u00e4gt seine eigene Stimmung und doch haben sie alle eines gemeinsam: Sie wollen Menschen erreichen.<\/p>\n\n\n\n<p>F\u00fcr mich ist Musik mehr als Unterhaltung. Sie ist Ausdruck, N\u00e4he und Verbindung. Auf der B\u00fchne wie auch in meinen Songs geht es darum, Emotionen sp\u00fcrbar zu machen \u2013 vom ersten Ton bis zum letzten Nachklang.<\/p>\n\n\n\n<p>Auf dieser Seite findest du meine ver\u00f6ffentlichten Songs, aktuelle Projekte und musikalische Einblicke. H\u00f6r rein, f\u00fchl mit und entdecke die Musik, die mich ausmacht.<\/p>\n\n\n\n<figure class=\"wp-block-embed aligncenter is-type-video is-provider-youtube wp-block-embed-youtube wp-embed-aspect-4-3 wp-has-aspect-ratio\"><div class=\"wp-block-embed__wrapper\">\n<iframe title=\"Goodbye\" width=\"1170\" height=\"878\" src=\"https:\/\/www.youtube.com\/embed\/gA3ik6gynZw?feature=oembed\" frameborder=\"0\" allow=\"accelerometer; autoplay; clipboard-write; encrypted-media; gyroscope; picture-in-picture; web-share\" referrerpolicy=\"strict-origin-when-cross-origin\" allowfullscreen><\/iframe>\n<\/div><\/figure>\n\n\n\n<figure class=\"wp-block-gallery has-nested-images columns-default is-cropped wp-block-gallery-1 is-layout-flex wp-block-gallery-is-layout-flex\">\n<figure class=\"wp-block-image size-large\"><a href=\"https:\/\/open.spotify.com\/intl-de\/album\/0tpOWGo0TxU56ds83ExUXs?si=mxB9EZe_QAa5uMvzdz5EVQ\" target=\"_blank\" rel=\" noreferrer noopener\"><img fetchpriority=\"high\" decoding=\"async\" width=\"1024\" height=\"1024\" data-id=\"1197\" src=\"https:\/\/www.sarahcarina.de\/wp-content\/uploads\/2026\/01\/Sarah-Carina-22GOODBYE22-Cover-1024x1024.jpg\" alt=\"2026\" class=\"wp-image-1197\" srcset=\"https:\/\/www.sarahcarina.de\/wp-content\/uploads\/2026\/01\/Sarah-Carina-22GOODBYE22-Cover-1024x1024.jpg 1024w, https:\/\/www.sarahcarina.de\/wp-content\/uploads\/2026\/01\/Sarah-Carina-22GOODBYE22-Cover-300x300.jpg 300w, https:\/\/www.sarahcarina.de\/wp-content\/uploads\/2026\/01\/Sarah-Carina-22GOODBYE22-Cover-150x150.jpg 150w, https:\/\/www.sarahcarina.de\/wp-content\/uploads\/2026\/01\/Sarah-Carina-22GOODBYE22-Cover-768x768.jpg 768w, https:\/\/www.sarahcarina.de\/wp-content\/uploads\/2026\/01\/Sarah-Carina-22GOODBYE22-Cover-1536x1536.jpg 1536w, https:\/\/www.sarahcarina.de\/wp-content\/uploads\/2026\/01\/Sarah-Carina-22GOODBYE22-Cover.jpg 1600w\" sizes=\"(max-width: 1024px) 100vw, 1024px\" \/><\/a><\/figure>\n\n\n\n<figure class=\"wp-block-image size-large\"><a href=\"https:\/\/open.spotify.com\/intl-de\/track\/6cQZhmY8fXbCbDBnHMtCI8?si=e94831a246b44a66\"><img decoding=\"async\" width=\"1024\" height=\"1024\" data-id=\"806\" src=\"https:\/\/www.sarahcarina.de\/wp-content\/uploads\/2025\/01\/Sarah-Carina-_Mitten-ins-Herz_-Cover_Final-1024x1024.jpg\" alt=\"\" class=\"wp-image-806\" srcset=\"https:\/\/www.sarahcarina.de\/wp-content\/uploads\/2025\/01\/Sarah-Carina-_Mitten-ins-Herz_-Cover_Final-1024x1024.jpg 1024w, https:\/\/www.sarahcarina.de\/wp-content\/uploads\/2025\/01\/Sarah-Carina-_Mitten-ins-Herz_-Cover_Final-300x300.jpg 300w, https:\/\/www.sarahcarina.de\/wp-content\/uploads\/2025\/01\/Sarah-Carina-_Mitten-ins-Herz_-Cover_Final-150x150.jpg 150w, https:\/\/www.sarahcarina.de\/wp-content\/uploads\/2025\/01\/Sarah-Carina-_Mitten-ins-Herz_-Cover_Final-768x768.jpg 768w, https:\/\/www.sarahcarina.de\/wp-content\/uploads\/2025\/01\/Sarah-Carina-_Mitten-ins-Herz_-Cover_Final-1536x1536.jpg 1536w, https:\/\/www.sarahcarina.de\/wp-content\/uploads\/2025\/01\/Sarah-Carina-_Mitten-ins-Herz_-Cover_Final-2048x2048.jpg 2048w\" sizes=\"(max-width: 1024px) 100vw, 1024px\" \/><\/a><figcaption class=\"wp-element-caption\">2025<\/figcaption><\/figure>\n\n\n\n<figure class=\"wp-block-image size-large\"><a href=\"https:\/\/open.spotify.com\/album\/6Yhrl7a9mDAj5abDM4BVL0?si=-b76Jr63Sn-lfGpYLME23A\" target=\"_blank\" rel=\"noreferrer noopener\"><img decoding=\"async\" width=\"1024\" height=\"1024\" data-id=\"602\" src=\"https:\/\/www.sarahcarina.de\/wp-content\/uploads\/2024\/09\/Cover5-1024x1024.jpg\" alt=\"Das ist unsere Nacht\" class=\"wp-image-602\" srcset=\"https:\/\/www.sarahcarina.de\/wp-content\/uploads\/2024\/09\/Cover5-1024x1024.jpg 1024w, https:\/\/www.sarahcarina.de\/wp-content\/uploads\/2024\/09\/Cover5-300x300.jpg 300w, https:\/\/www.sarahcarina.de\/wp-content\/uploads\/2024\/09\/Cover5-150x150.jpg 150w, https:\/\/www.sarahcarina.de\/wp-content\/uploads\/2024\/09\/Cover5-768x768.jpg 768w, https:\/\/www.sarahcarina.de\/wp-content\/uploads\/2024\/09\/Cover5-1536x1536.jpg 1536w, https:\/\/www.sarahcarina.de\/wp-content\/uploads\/2024\/09\/Cover5-2048x2048.jpg 2048w\" sizes=\"(max-width: 1024px) 100vw, 1024px\" \/><\/a><figcaption class=\"wp-element-caption\">2022<\/figcaption><\/figure>\n\n\n\n<figure class=\"wp-block-image size-large\"><a href=\"https:\/\/open.spotify.com\/album\/43rcfsAQFp1lGha4NFDRHi?si=XMH4PnIGTCWPeM3WWw0LIQ\" target=\"_blank\" rel=\"noreferrer noopener\"><img loading=\"lazy\" decoding=\"async\" width=\"1021\" height=\"1024\" data-id=\"709\" src=\"https:\/\/www.sarahcarina.de\/wp-content\/uploads\/2024\/09\/IMG_3703-1021x1024.jpeg\" alt=\"\" class=\"wp-image-709\" srcset=\"https:\/\/www.sarahcarina.de\/wp-content\/uploads\/2024\/09\/IMG_3703-1021x1024.jpeg 1021w, https:\/\/www.sarahcarina.de\/wp-content\/uploads\/2024\/09\/IMG_3703-300x300.jpeg 300w, https:\/\/www.sarahcarina.de\/wp-content\/uploads\/2024\/09\/IMG_3703-150x150.jpeg 150w, https:\/\/www.sarahcarina.de\/wp-content\/uploads\/2024\/09\/IMG_3703-768x770.jpeg 768w, https:\/\/www.sarahcarina.de\/wp-content\/uploads\/2024\/09\/IMG_3703.jpeg 1028w\" sizes=\"(max-width: 1021px) 100vw, 1021px\" \/><\/a><figcaption class=\"wp-element-caption\">2022<\/figcaption><\/figure>\n\n\n\n<figure class=\"wp-block-image size-large\"><a href=\"https:\/\/open.spotify.com\/album\/7bgN70LvzxzUHyKHmQ2m70?si=DHn4FjXuT--ognlUiABXWA\" target=\"_blank\" rel=\"noreferrer noopener\"><img loading=\"lazy\" decoding=\"async\" width=\"500\" height=\"500\" data-id=\"181\" src=\"https:\/\/www.sarahcarina.de\/wp-content\/uploads\/2021\/08\/81-eWDhTzS._SS500_.jpg\" alt=\"\" class=\"wp-image-181\" srcset=\"https:\/\/www.sarahcarina.de\/wp-content\/uploads\/2021\/08\/81-eWDhTzS._SS500_.jpg 500w, https:\/\/www.sarahcarina.de\/wp-content\/uploads\/2021\/08\/81-eWDhTzS._SS500_-300x300.jpg 300w, https:\/\/www.sarahcarina.de\/wp-content\/uploads\/2021\/08\/81-eWDhTzS._SS500_-150x150.jpg 150w\" sizes=\"(max-width: 500px) 100vw, 500px\" \/><\/a><figcaption class=\"wp-element-caption\">2021<\/figcaption><\/figure>\n\n\n\n<figure class=\"wp-block-image size-large\"><a href=\"https:\/\/open.spotify.com\/album\/3nG32XENC2qWsFJVPeapSz?si=vCD2NajiTWij4rEaeJ0VgA\" target=\"_blank\" rel=\"noreferrer noopener\"><img loading=\"lazy\" decoding=\"async\" width=\"474\" height=\"474\" data-id=\"182\" src=\"https:\/\/www.sarahcarina.de\/wp-content\/uploads\/2021\/08\/OIP.jpg\" alt=\"\" class=\"wp-image-182\" srcset=\"https:\/\/www.sarahcarina.de\/wp-content\/uploads\/2021\/08\/OIP.jpg 474w, https:\/\/www.sarahcarina.de\/wp-content\/uploads\/2021\/08\/OIP-300x300.jpg 300w, https:\/\/www.sarahcarina.de\/wp-content\/uploads\/2021\/08\/OIP-150x150.jpg 150w\" sizes=\"(max-width: 474px) 100vw, 474px\" \/><\/a><figcaption class=\"wp-element-caption\">2021<\/figcaption><\/figure>\n\n\n\n<figure class=\"wp-block-image size-large\"><a href=\"https:\/\/open.spotify.com\/album\/5Qj1ihxjyAHNtKMNB8CW6D?si=1BetrpBlSQOlgKkwLwAuEA\" target=\"_blank\" rel=\"noreferrer noopener\"><img loading=\"lazy\" decoding=\"async\" width=\"900\" height=\"900\" data-id=\"59\" src=\"https:\/\/www.sarahcarina.de\/wp-content\/uploads\/2021\/08\/t_5fb7fc2573435.jpg\" alt=\"\" class=\"wp-image-59\" srcset=\"https:\/\/www.sarahcarina.de\/wp-content\/uploads\/2021\/08\/t_5fb7fc2573435.jpg 900w, https:\/\/www.sarahcarina.de\/wp-content\/uploads\/2021\/08\/t_5fb7fc2573435-300x300.jpg 300w, https:\/\/www.sarahcarina.de\/wp-content\/uploads\/2021\/08\/t_5fb7fc2573435-150x150.jpg 150w, https:\/\/www.sarahcarina.de\/wp-content\/uploads\/2021\/08\/t_5fb7fc2573435-768x768.jpg 768w\" sizes=\"(max-width: 900px) 100vw, 900px\" \/><\/a><figcaption class=\"wp-element-caption\">2020<\/figcaption><\/figure>\n\n\n\n<figure class=\"wp-block-image size-large\"><a href=\"https:\/\/open.spotify.com\/album\/5zskZNtQpUcyHZ7vJOGwuT?si=rVP48-SERTWDSmErk0cUyA\" target=\"_blank\" rel=\"noreferrer noopener\"><img loading=\"lazy\" decoding=\"async\" width=\"1024\" height=\"1024\" data-id=\"43\" src=\"https:\/\/www.sarahcarina.de\/wp-content\/uploads\/2021\/08\/FB_IMG_1601381373455-1024x1024.jpg\" alt=\"\" class=\"wp-image-43\" srcset=\"https:\/\/www.sarahcarina.de\/wp-content\/uploads\/2021\/08\/FB_IMG_1601381373455-1024x1024.jpg 1024w, https:\/\/www.sarahcarina.de\/wp-content\/uploads\/2021\/08\/FB_IMG_1601381373455-300x300.jpg 300w, https:\/\/www.sarahcarina.de\/wp-content\/uploads\/2021\/08\/FB_IMG_1601381373455-150x150.jpg 150w, https:\/\/www.sarahcarina.de\/wp-content\/uploads\/2021\/08\/FB_IMG_1601381373455-768x768.jpg 768w, https:\/\/www.sarahcarina.de\/wp-content\/uploads\/2021\/08\/FB_IMG_1601381373455.jpg 1080w\" sizes=\"(max-width: 1024px) 100vw, 1024px\" \/><\/a><figcaption class=\"wp-element-caption\">2020<\/figcaption><\/figure>\n\n\n\n<figure class=\"wp-block-image size-large\"><a href=\"https:\/\/open.spotify.com\/album\/13KZ2Xg4247BUFjwcuFDPx?si=MTjHEZM3Q0S602RqLy1jhA\" target=\"_blank\" rel=\"noreferrer noopener\"><img loading=\"lazy\" decoding=\"async\" width=\"640\" height=\"640\" data-id=\"37\" src=\"https:\/\/www.sarahcarina.de\/wp-content\/uploads\/2021\/08\/ab67616d0000b273cad8a190336c2b3bce4a3b9a.jpg\" alt=\"\" class=\"wp-image-37\" srcset=\"https:\/\/www.sarahcarina.de\/wp-content\/uploads\/2021\/08\/ab67616d0000b273cad8a190336c2b3bce4a3b9a.jpg 640w, https:\/\/www.sarahcarina.de\/wp-content\/uploads\/2021\/08\/ab67616d0000b273cad8a190336c2b3bce4a3b9a-300x300.jpg 300w, https:\/\/www.sarahcarina.de\/wp-content\/uploads\/2021\/08\/ab67616d0000b273cad8a190336c2b3bce4a3b9a-150x150.jpg 150w\" sizes=\"(max-width: 640px) 100vw, 640px\" \/><\/a><figcaption class=\"wp-element-caption\">2019<\/figcaption><\/figure>\n\n\n\n<figure class=\"wp-block-image size-large\"><a href=\"https:\/\/open.spotify.com\/album\/3Tz3CO0JWSbRgwbujtik69?si=q3uEJV9YRfq7lF3zU2p1Rw\" target=\"_blank\" rel=\"noreferrer noopener\"><img loading=\"lazy\" decoding=\"async\" width=\"640\" height=\"640\" data-id=\"28\" src=\"https:\/\/www.sarahcarina.de\/wp-content\/uploads\/2021\/08\/640x640.jpg\" alt=\"\" class=\"wp-image-28\" srcset=\"https:\/\/www.sarahcarina.de\/wp-content\/uploads\/2021\/08\/640x640.jpg 640w, https:\/\/www.sarahcarina.de\/wp-content\/uploads\/2021\/08\/640x640-300x300.jpg 300w, https:\/\/www.sarahcarina.de\/wp-content\/uploads\/2021\/08\/640x640-150x150.jpg 150w\" sizes=\"(max-width: 640px) 100vw, 640px\" \/><\/a><figcaption class=\"wp-element-caption\">2018<\/figcaption><\/figure>\n\n\n\n<figure class=\"wp-block-image size-large\"><a href=\"https:\/\/open.spotify.com\/album\/2mHn8pQU0d22ZaYQsoMACv?si=sXE-BVdqSJK3eWekYtYxNA\" target=\"_blank\" rel=\"noreferrer noopener\"><img loading=\"lazy\" decoding=\"async\" width=\"500\" height=\"500\" data-id=\"25\" src=\"https:\/\/www.sarahcarina.de\/wp-content\/uploads\/2021\/08\/91O9E2mOxL_SS500_.jpg\" alt=\"\" class=\"wp-image-25\" srcset=\"https:\/\/www.sarahcarina.de\/wp-content\/uploads\/2021\/08\/91O9E2mOxL_SS500_.jpg 500w, https:\/\/www.sarahcarina.de\/wp-content\/uploads\/2021\/08\/91O9E2mOxL_SS500_-300x300.jpg 300w, https:\/\/www.sarahcarina.de\/wp-content\/uploads\/2021\/08\/91O9E2mOxL_SS500_-150x150.jpg 150w\" sizes=\"(max-width: 500px) 100vw, 500px\" \/><\/a><figcaption class=\"wp-element-caption\">2017<\/figcaption><\/figure>\n\n\n\n<figure class=\"wp-block-image size-large\"><a href=\"https:\/\/open.spotify.com\/album\/7ffHpe4HcmkitxgxXlyazB?si=DqzmofNwRoeb1XgYyYrW1A\" target=\"_blank\" rel=\"noreferrer noopener\"><img loading=\"lazy\" decoding=\"async\" width=\"500\" height=\"500\" data-id=\"22\" src=\"https:\/\/www.sarahcarina.de\/wp-content\/uploads\/2021\/08\/61bPwtHAtL_SS500.jpg\" alt=\"\" class=\"wp-image-22\" srcset=\"https:\/\/www.sarahcarina.de\/wp-content\/uploads\/2021\/08\/61bPwtHAtL_SS500.jpg 500w, https:\/\/www.sarahcarina.de\/wp-content\/uploads\/2021\/08\/61bPwtHAtL_SS500-300x300.jpg 300w, https:\/\/www.sarahcarina.de\/wp-content\/uploads\/2021\/08\/61bPwtHAtL_SS500-150x150.jpg 150w\" sizes=\"(max-width: 500px) 100vw, 500px\" \/><\/a><figcaption class=\"wp-element-caption\">2016<\/figcaption><\/figure>\n\n\n\n<figure class=\"wp-block-image size-large\"><a href=\"https:\/\/open.spotify.com\/album\/2iWZjEdSKQkmknp8J2o53e?si=4suW30b-SAKUHLO7rEsSPg\" target=\"_blank\" rel=\"noreferrer noopener\"><img loading=\"lazy\" decoding=\"async\" width=\"500\" height=\"500\" data-id=\"12\" src=\"https:\/\/www.sarahcarina.de\/wp-content\/uploads\/2021\/08\/51Jy-KX9akL_SS500.jpg\" alt=\"\" class=\"wp-image-12\" srcset=\"https:\/\/www.sarahcarina.de\/wp-content\/uploads\/2021\/08\/51Jy-KX9akL_SS500.jpg 500w, https:\/\/www.sarahcarina.de\/wp-content\/uploads\/2021\/08\/51Jy-KX9akL_SS500-300x300.jpg 300w, https:\/\/www.sarahcarina.de\/wp-content\/uploads\/2021\/08\/51Jy-KX9akL_SS500-150x150.jpg 150w\" sizes=\"(max-width: 500px) 100vw, 500px\" \/><\/a><figcaption class=\"wp-element-caption\">2015<\/figcaption><\/figure>\n\n\n\n<figure class=\"wp-block-image size-large\"><a href=\"https:\/\/open.spotify.com\/album\/2jxUHA3r6sZdjFAWAIgKe4?si=jzx9Pa1mRFu1mQ8pgXS_0A\" target=\"_blank\" rel=\"noreferrer noopener\"><img loading=\"lazy\" decoding=\"async\" width=\"500\" height=\"500\" data-id=\"30\" src=\"https:\/\/www.sarahcarina.de\/wp-content\/uploads\/2021\/08\/6182Hk8mROL_SS500.jpg\" alt=\"\" class=\"wp-image-30\" srcset=\"https:\/\/www.sarahcarina.de\/wp-content\/uploads\/2021\/08\/6182Hk8mROL_SS500.jpg 500w, https:\/\/www.sarahcarina.de\/wp-content\/uploads\/2021\/08\/6182Hk8mROL_SS500-300x300.jpg 300w, https:\/\/www.sarahcarina.de\/wp-content\/uploads\/2021\/08\/6182Hk8mROL_SS500-150x150.jpg 150w\" sizes=\"(max-width: 500px) 100vw, 500px\" \/><\/a><figcaption class=\"wp-element-caption\">2015<\/figcaption><\/figure>\n\n\n\n<figure class=\"wp-block-image size-large\"><a href=\"https:\/\/open.spotify.com\/album\/1SVyrjrRYqUADYPmALDQmO?si=N5T88ZGaT_qb8gvTSCGoiA\" target=\"_blank\" rel=\"noreferrer noopener\"><img loading=\"lazy\" decoding=\"async\" width=\"500\" height=\"500\" data-id=\"23\" src=\"https:\/\/www.sarahcarina.de\/wp-content\/uploads\/2021\/08\/61VX0T7yyoL_SS500.jpg\" alt=\"\" class=\"wp-image-23\" srcset=\"https:\/\/www.sarahcarina.de\/wp-content\/uploads\/2021\/08\/61VX0T7yyoL_SS500.jpg 500w, https:\/\/www.sarahcarina.de\/wp-content\/uploads\/2021\/08\/61VX0T7yyoL_SS500-300x300.jpg 300w, https:\/\/www.sarahcarina.de\/wp-content\/uploads\/2021\/08\/61VX0T7yyoL_SS500-150x150.jpg 150w\" sizes=\"(max-width: 500px) 100vw, 500px\" \/><\/a><figcaption class=\"wp-element-caption\">2015<\/figcaption><\/figure>\n\n\n\n<figure class=\"wp-block-image size-large\"><a href=\"https:\/\/open.spotify.com\/album\/1L1Jg44dEgwizXW6xumOA3?si=UQyfD-VBREW1tp-fY8loLQ\" target=\"_blank\" rel=\"noreferrer noopener\"><img loading=\"lazy\" decoding=\"async\" width=\"500\" height=\"500\" data-id=\"27\" src=\"https:\/\/www.sarahcarina.de\/wp-content\/uploads\/2021\/08\/518yafeDA1L_SS500.jpg\" alt=\"\" class=\"wp-image-27\" srcset=\"https:\/\/www.sarahcarina.de\/wp-content\/uploads\/2021\/08\/518yafeDA1L_SS500.jpg 500w, https:\/\/www.sarahcarina.de\/wp-content\/uploads\/2021\/08\/518yafeDA1L_SS500-300x300.jpg 300w, https:\/\/www.sarahcarina.de\/wp-content\/uploads\/2021\/08\/518yafeDA1L_SS500-150x150.jpg 150w\" sizes=\"(max-width: 500px) 100vw, 500px\" \/><\/a><figcaption class=\"wp-element-caption\">2014<\/figcaption><\/figure>\n\n\n\n<figure class=\"wp-block-image size-large\"><a href=\"https:\/\/open.spotify.com\/album\/6LMo3PbPHbt34uIywyONNM?si=3LA-fwnTScmdU5D7IARR6g\" target=\"_blank\" rel=\"noreferrer noopener\"><img loading=\"lazy\" decoding=\"async\" width=\"500\" height=\"500\" data-id=\"20\" src=\"https:\/\/www.sarahcarina.de\/wp-content\/uploads\/2021\/08\/51rXdIhU-UL_SS500.jpg\" alt=\"\" class=\"wp-image-20\" srcset=\"https:\/\/www.sarahcarina.de\/wp-content\/uploads\/2021\/08\/51rXdIhU-UL_SS500.jpg 500w, https:\/\/www.sarahcarina.de\/wp-content\/uploads\/2021\/08\/51rXdIhU-UL_SS500-300x300.jpg 300w, https:\/\/www.sarahcarina.de\/wp-content\/uploads\/2021\/08\/51rXdIhU-UL_SS500-150x150.jpg 150w\" sizes=\"(max-width: 500px) 100vw, 500px\" \/><\/a><figcaption class=\"wp-element-caption\">2013<\/figcaption><\/figure>\n\n\n\n<figure class=\"wp-block-image size-large\"><a href=\"https:\/\/open.spotify.com\/album\/2r3RG9HxUN5DZeX20OGn0A?si=KQQBVWxFQkifW8uzNtba5A\" target=\"_blank\" rel=\"noreferrer noopener\"><img loading=\"lazy\" decoding=\"async\" width=\"500\" height=\"500\" data-id=\"10\" src=\"https:\/\/www.sarahcarina.de\/wp-content\/uploads\/2021\/08\/51gKrk4GIL_SS500.jpg\" alt=\"\" class=\"wp-image-10\" srcset=\"https:\/\/www.sarahcarina.de\/wp-content\/uploads\/2021\/08\/51gKrk4GIL_SS500.jpg 500w, https:\/\/www.sarahcarina.de\/wp-content\/uploads\/2021\/08\/51gKrk4GIL_SS500-300x300.jpg 300w, https:\/\/www.sarahcarina.de\/wp-content\/uploads\/2021\/08\/51gKrk4GIL_SS500-150x150.jpg 150w\" sizes=\"(max-width: 500px) 100vw, 500px\" \/><\/a><figcaption class=\"wp-element-caption\">2013<\/figcaption><\/figure>\n\n\n\n<figure class=\"wp-block-image size-large\"><a href=\"https:\/\/open.spotify.com\/album\/1nSQn80I4hYb52NIIALpeN?si=Le3mCRFAQ8KZUwTVZdYt5g\" target=\"_blank\" rel=\"noreferrer noopener\"><img loading=\"lazy\" decoding=\"async\" width=\"500\" height=\"500\" data-id=\"21\" src=\"https:\/\/www.sarahcarina.de\/wp-content\/uploads\/2021\/08\/51u7akt3LxL_SS500.jpg\" alt=\"\" class=\"wp-image-21\" srcset=\"https:\/\/www.sarahcarina.de\/wp-content\/uploads\/2021\/08\/51u7akt3LxL_SS500.jpg 500w, https:\/\/www.sarahcarina.de\/wp-content\/uploads\/2021\/08\/51u7akt3LxL_SS500-300x300.jpg 300w, https:\/\/www.sarahcarina.de\/wp-content\/uploads\/2021\/08\/51u7akt3LxL_SS500-150x150.jpg 150w\" sizes=\"(max-width: 500px) 100vw, 500px\" \/><\/a><figcaption class=\"wp-element-caption\">2012<\/figcaption><\/figure>\n\n\n\n<figure class=\"wp-block-image size-large\"><a href=\"https:\/\/open.spotify.com\/album\/0zbijnbGj786lEnGJO5EpR?si=9SSo-4lpQCyEmtxqs9VJHw\" target=\"_blank\" rel=\"noreferrer noopener\"><img loading=\"lazy\" decoding=\"async\" width=\"500\" height=\"500\" data-id=\"15\" src=\"https:\/\/www.sarahcarina.de\/wp-content\/uploads\/2021\/08\/51lXjxLsUML_SS500.jpg\" alt=\"\" class=\"wp-image-15\" srcset=\"https:\/\/www.sarahcarina.de\/wp-content\/uploads\/2021\/08\/51lXjxLsUML_SS500.jpg 500w, https:\/\/www.sarahcarina.de\/wp-content\/uploads\/2021\/08\/51lXjxLsUML_SS500-300x300.jpg 300w, https:\/\/www.sarahcarina.de\/wp-content\/uploads\/2021\/08\/51lXjxLsUML_SS500-150x150.jpg 150w\" sizes=\"(max-width: 500px) 100vw, 500px\" \/><\/a><figcaption class=\"wp-element-caption\">2012<\/figcaption><\/figure>\n\n\n\n<figure class=\"wp-block-image size-thumbnail\"><a href=\"https:\/\/open.spotify.com\/intl-de\/album\/79vxyEzhjlY6nhynVfH2QM?si=B1okxQXrRdu7C_PHk0cbcA\" target=\"_blank\" rel=\"noreferrer noopener\"><img loading=\"lazy\" decoding=\"async\" width=\"150\" height=\"150\" data-id=\"737\" src=\"https:\/\/www.sarahcarina.de\/wp-content\/uploads\/2024\/09\/IMG_3706-150x150.jpeg\" alt=\"\" class=\"wp-image-737\"\/><\/a><figcaption class=\"wp-element-caption\">2012<\/figcaption><\/figure>\n\n\n\n<figure class=\"wp-block-image size-large\"><a href=\"https:\/\/open.spotify.com\/intl-de\/album\/1Lb2VGLdMRjEUdC9cyIDfR?si=fHNzm4aISPO-eHVIYfSpJA\" target=\"_blank\" rel=\"noreferrer noopener\"><img loading=\"lazy\" decoding=\"async\" width=\"500\" height=\"500\" data-id=\"16\" src=\"https:\/\/www.sarahcarina.de\/wp-content\/uploads\/2021\/08\/51NQ6PT2iBL_SS500.jpg\" alt=\"\" class=\"wp-image-16\" srcset=\"https:\/\/www.sarahcarina.de\/wp-content\/uploads\/2021\/08\/51NQ6PT2iBL_SS500.jpg 500w, https:\/\/www.sarahcarina.de\/wp-content\/uploads\/2021\/08\/51NQ6PT2iBL_SS500-300x300.jpg 300w, https:\/\/www.sarahcarina.de\/wp-content\/uploads\/2021\/08\/51NQ6PT2iBL_SS500-150x150.jpg 150w\" sizes=\"(max-width: 500px) 100vw, 500px\" \/><\/a><figcaption class=\"wp-element-caption\">2012<\/figcaption><\/figure>\n\n\n\n<figure class=\"wp-block-image size-large\"><a href=\"https:\/\/open.spotify.com\/album\/2VhpbsupO6dwi3TAsmyWM6?si=mmpn2ui4RReJjRCyTRnRWQ\" target=\"_blank\" rel=\"noreferrer noopener\"><img loading=\"lazy\" decoding=\"async\" width=\"1019\" height=\"1024\" data-id=\"710\" src=\"https:\/\/www.sarahcarina.de\/wp-content\/uploads\/2024\/09\/IMG_3704-1019x1024.jpeg\" alt=\"\" class=\"wp-image-710\" srcset=\"https:\/\/www.sarahcarina.de\/wp-content\/uploads\/2024\/09\/IMG_3704-1019x1024.jpeg 1019w, https:\/\/www.sarahcarina.de\/wp-content\/uploads\/2024\/09\/IMG_3704-300x300.jpeg 300w, https:\/\/www.sarahcarina.de\/wp-content\/uploads\/2024\/09\/IMG_3704-150x150.jpeg 150w, https:\/\/www.sarahcarina.de\/wp-content\/uploads\/2024\/09\/IMG_3704-768x772.jpeg 768w, https:\/\/www.sarahcarina.de\/wp-content\/uploads\/2024\/09\/IMG_3704.jpeg 1041w\" sizes=\"(max-width: 1019px) 100vw, 1019px\" \/><\/a><figcaption class=\"wp-element-caption\">2011<\/figcaption><\/figure>\n\n\n\n<figure class=\"wp-block-image size-large\"><a href=\"https:\/\/open.spotify.com\/album\/1W15xL0SQx1uJdcZBqszQT?si=1Frov2ckT0SJIctRVn2ntQ\" target=\"_blank\" rel=\"noreferrer noopener\"><img loading=\"lazy\" decoding=\"async\" width=\"500\" height=\"500\" data-id=\"13\" src=\"https:\/\/www.sarahcarina.de\/wp-content\/uploads\/2021\/08\/51lBjJKREsL_SS500.jpg\" alt=\"\" class=\"wp-image-13\" srcset=\"https:\/\/www.sarahcarina.de\/wp-content\/uploads\/2021\/08\/51lBjJKREsL_SS500.jpg 500w, https:\/\/www.sarahcarina.de\/wp-content\/uploads\/2021\/08\/51lBjJKREsL_SS500-300x300.jpg 300w, https:\/\/www.sarahcarina.de\/wp-content\/uploads\/2021\/08\/51lBjJKREsL_SS500-150x150.jpg 150w\" sizes=\"(max-width: 500px) 100vw, 500px\" \/><\/a><figcaption class=\"wp-element-caption\">2010<\/figcaption><\/figure>\n\n\n\n<figure class=\"wp-block-image size-large\"><a href=\"https:\/\/open.spotify.com\/album\/0EkNhCL8yuqqoUqAwhyHTM?si=tL0ssxguTfWaZmgtBjd7QQ\" target=\"_blank\" rel=\"noreferrer noopener\"><img loading=\"lazy\" decoding=\"async\" width=\"500\" height=\"500\" data-id=\"29\" src=\"https:\/\/www.sarahcarina.de\/wp-content\/uploads\/2021\/08\/5118NBziEDL_SS500.jpg\" alt=\"\" class=\"wp-image-29\" srcset=\"https:\/\/www.sarahcarina.de\/wp-content\/uploads\/2021\/08\/5118NBziEDL_SS500.jpg 500w, https:\/\/www.sarahcarina.de\/wp-content\/uploads\/2021\/08\/5118NBziEDL_SS500-300x300.jpg 300w, https:\/\/www.sarahcarina.de\/wp-content\/uploads\/2021\/08\/5118NBziEDL_SS500-150x150.jpg 150w\" sizes=\"(max-width: 500px) 100vw, 500px\" \/><\/a><figcaption class=\"wp-element-caption\">2009<\/figcaption><\/figure>\n\n\n\n<figure class=\"wp-block-image size-large\"><a href=\"https:\/\/open.spotify.com\/album\/2OdZ2OuerJzvIWlbDYa7zS?si=5eeP6K8oRB2JK1gNjNiAGA\" target=\"_blank\" rel=\"noreferrer noopener\"><img loading=\"lazy\" decoding=\"async\" width=\"500\" height=\"500\" data-id=\"19\" src=\"https:\/\/www.sarahcarina.de\/wp-content\/uploads\/2021\/08\/51Rr98dUuL_SS500.jpg\" alt=\"\" class=\"wp-image-19\" srcset=\"https:\/\/www.sarahcarina.de\/wp-content\/uploads\/2021\/08\/51Rr98dUuL_SS500.jpg 500w, https:\/\/www.sarahcarina.de\/wp-content\/uploads\/2021\/08\/51Rr98dUuL_SS500-300x300.jpg 300w, https:\/\/www.sarahcarina.de\/wp-content\/uploads\/2021\/08\/51Rr98dUuL_SS500-150x150.jpg 150w\" sizes=\"(max-width: 500px) 100vw, 500px\" \/><\/a><figcaption class=\"wp-element-caption\">2009<\/figcaption><\/figure>\n\n\n\n<figure class=\"wp-block-image size-large\"><a href=\"https:\/\/open.spotify.com\/album\/4b5ePHiQqu1JRcb6L0AGye?si=COqeOOGrRdaqThsGZY36SA\" target=\"_blank\" rel=\"noreferrer noopener\"><img loading=\"lazy\" decoding=\"async\" width=\"500\" height=\"500\" data-id=\"18\" src=\"https:\/\/www.sarahcarina.de\/wp-content\/uploads\/2021\/08\/51Q4kWQdGUL_SS500.jpg\" alt=\"\" class=\"wp-image-18\" srcset=\"https:\/\/www.sarahcarina.de\/wp-content\/uploads\/2021\/08\/51Q4kWQdGUL_SS500.jpg 500w, https:\/\/www.sarahcarina.de\/wp-content\/uploads\/2021\/08\/51Q4kWQdGUL_SS500-300x300.jpg 300w, https:\/\/www.sarahcarina.de\/wp-content\/uploads\/2021\/08\/51Q4kWQdGUL_SS500-150x150.jpg 150w\" sizes=\"(max-width: 500px) 100vw, 500px\" \/><\/a><figcaption class=\"wp-element-caption\">2008<\/figcaption><\/figure>\n\n\n\n<figure class=\"wp-block-image size-large\"><a href=\"https:\/\/open.spotify.com\/album\/4EBKUIeyODsdhdgV2mbGKc?si=79u5f0PjRZuQx5JvdhkCKg\" target=\"_blank\" rel=\"noreferrer noopener\"><img loading=\"lazy\" decoding=\"async\" width=\"1018\" height=\"1024\" data-id=\"24\" src=\"https:\/\/www.sarahcarina.de\/wp-content\/uploads\/2021\/08\/71Cxuaww6PL_SL1207_-1018x1024.jpg\" alt=\"\" class=\"wp-image-24\" srcset=\"https:\/\/www.sarahcarina.de\/wp-content\/uploads\/2021\/08\/71Cxuaww6PL_SL1207_-1018x1024.jpg 1018w, https:\/\/www.sarahcarina.de\/wp-content\/uploads\/2021\/08\/71Cxuaww6PL_SL1207_-298x300.jpg 298w, https:\/\/www.sarahcarina.de\/wp-content\/uploads\/2021\/08\/71Cxuaww6PL_SL1207_-150x150.jpg 150w, https:\/\/www.sarahcarina.de\/wp-content\/uploads\/2021\/08\/71Cxuaww6PL_SL1207_-768x772.jpg 768w, https:\/\/www.sarahcarina.de\/wp-content\/uploads\/2021\/08\/71Cxuaww6PL_SL1207_.jpg 1200w\" sizes=\"(max-width: 1018px) 100vw, 1018px\" \/><\/a><figcaption class=\"wp-element-caption\">2008<\/figcaption><\/figure>\n<\/figure>\n","protected":false},"excerpt":{"rendered":"<p>Meine Musik entsteht aus Momenten, Gef\u00fchlen und Erfahrungen, die ehrlich und direkt sind. Sie bewegt sich zwischen modernem Schlager, Popschlager<\/p>\n","protected":false},"author":1,"featured_media":0,"parent":0,"menu_order":0,"comment_status":"closed","ping_status":"closed","template":"","meta":{"footnotes":""},"class_list":["post-572","page","type-page","status-publish","hentry"],"_links":{"self":[{"href":"https:\/\/www.sarahcarina.de\/index.php?rest_route=\/wp\/v2\/pages\/572","targetHints":{"allow":["GET"]}}],"collection":[{"href":"https:\/\/www.sarahcarina.de\/index.php?rest_route=\/wp\/v2\/pages"}],"about":[{"href":"https:\/\/www.sarahcarina.de\/index.php?rest_route=\/wp\/v2\/types\/page"}],"author":[{"embeddable":true,"href":"https:\/\/www.sarahcarina.de\/index.php?rest_route=\/wp\/v2\/users\/1"}],"replies":[{"embeddable":true,"href":"https:\/\/www.sarahcarina.de\/index.php?rest_route=%2Fwp%2Fv2%2Fcomments&post=572"}],"version-history":[{"count":42,"href":"https:\/\/www.sarahcarina.de\/index.php?rest_route=\/wp\/v2\/pages\/572\/revisions"}],"predecessor-version":[{"id":1211,"href":"https:\/\/www.sarahcarina.de\/index.php?rest_route=\/wp\/v2\/pages\/572\/revisions\/1211"}],"wp:attachment":[{"href":"https:\/\/www.sarahcarina.de\/index.php?rest_route=%2Fwp%2Fv2%2Fmedia&parent=572"}],"curies":[{"name":"wp","href":"https:\/\/api.w.org\/{rel}","templated":true}]}}