{"id":577,"date":"2024-09-13T17:58:53","date_gmt":"2024-09-13T15:58:53","guid":{"rendered":"https:\/\/www.sarahcarina.de\/?page_id=577"},"modified":"2026-04-16T18:51:24","modified_gmt":"2026-04-16T16:51:24","slug":"termine","status":"publish","type":"page","link":"https:\/\/www.sarahcarina.de\/?page_id=577","title":{"rendered":"Termine"},"content":{"rendered":"\n<p><strong>Live-Momente, die verbinden.<\/strong><\/p>\n\n\n\n<p>Hier findest du alle aktuellen Termine und Auftritte von Sarah Carina. Ob Stadtfest, Kulturveranstaltung, Konzert oder besondere Eventformate \u2013 jeder Termin steht f\u00fcr echte Live-Musik, N\u00e4he zum Publikum und eine Atmosph\u00e4re, die in Erinnerung bleibt.<\/p>\n\n\n\n<p>Sarah Carina liebt es, sich auf den Moment einzulassen und die Stimmung des Publikums aufzugreifen. Kein Auftritt ist wie der andere \u2013 genau das macht ihre Konzerte so besonders. Schau regelm\u00e4\u00dfig vorbei, um keine Veranstaltung zu verpassen, und erlebe Musik dort, wo sie am st\u00e4rksten wirkt: live.<\/p>\n\n\n\n<figure class=\"wp-block-gallery has-nested-images columns-default is-cropped wp-block-gallery-1 is-layout-flex wp-block-gallery-is-layout-flex\">\n<figure class=\"wp-block-image size-large\"><img fetchpriority=\"high\" decoding=\"async\" width=\"727\" height=\"1024\" data-id=\"1216\" src=\"https:\/\/www.sarahcarina.de\/wp-content\/uploads\/2026\/03\/IMG_9933-727x1024.jpeg\" alt=\"\" class=\"wp-image-1216\" srcset=\"https:\/\/www.sarahcarina.de\/wp-content\/uploads\/2026\/03\/IMG_9933-727x1024.jpeg 727w, https:\/\/www.sarahcarina.de\/wp-content\/uploads\/2026\/03\/IMG_9933-213x300.jpeg 213w, https:\/\/www.sarahcarina.de\/wp-content\/uploads\/2026\/03\/IMG_9933-768x1082.jpeg 768w, https:\/\/www.sarahcarina.de\/wp-content\/uploads\/2026\/03\/IMG_9933-1091x1536.jpeg 1091w, https:\/\/www.sarahcarina.de\/wp-content\/uploads\/2026\/03\/IMG_9933-1454x2048.jpeg 1454w, https:\/\/www.sarahcarina.de\/wp-content\/uploads\/2026\/03\/IMG_9933.jpeg 1795w\" sizes=\"(max-width: 727px) 100vw, 727px\" \/><\/figure>\n<\/figure>\n\n\n<div class=\"wp-block-image\">\n<figure class=\"aligncenter size-large\"><img decoding=\"async\" width=\"683\" height=\"1024\" src=\"https:\/\/www.sarahcarina.de\/wp-content\/uploads\/2026\/03\/cbdda71c-8acc-47f8-ac88-e3c462e8b967-683x1024.jpeg\" alt=\"\" class=\"wp-image-1219\" srcset=\"https:\/\/www.sarahcarina.de\/wp-content\/uploads\/2026\/03\/cbdda71c-8acc-47f8-ac88-e3c462e8b967-683x1024.jpeg 683w, https:\/\/www.sarahcarina.de\/wp-content\/uploads\/2026\/03\/cbdda71c-8acc-47f8-ac88-e3c462e8b967-200x300.jpeg 200w, https:\/\/www.sarahcarina.de\/wp-content\/uploads\/2026\/03\/cbdda71c-8acc-47f8-ac88-e3c462e8b967-768x1151.jpeg 768w, https:\/\/www.sarahcarina.de\/wp-content\/uploads\/2026\/03\/cbdda71c-8acc-47f8-ac88-e3c462e8b967.jpeg 834w\" sizes=\"(max-width: 683px) 100vw, 683px\" \/><\/figure>\n<\/div>\n\n<div class=\"wp-block-image\">\n<figure class=\"aligncenter size-large\"><img decoding=\"async\" width=\"569\" height=\"1024\" src=\"https:\/\/www.sarahcarina.de\/wp-content\/uploads\/2026\/03\/9bee6af9-c30e-497f-8fea-e6250c0bd190-569x1024.jpeg\" alt=\"\" class=\"wp-image-1217\" srcset=\"https:\/\/www.sarahcarina.de\/wp-content\/uploads\/2026\/03\/9bee6af9-c30e-497f-8fea-e6250c0bd190-569x1024.jpeg 569w, https:\/\/www.sarahcarina.de\/wp-content\/uploads\/2026\/03\/9bee6af9-c30e-497f-8fea-e6250c0bd190-167x300.jpeg 167w, https:\/\/www.sarahcarina.de\/wp-content\/uploads\/2026\/03\/9bee6af9-c30e-497f-8fea-e6250c0bd190.jpeg 597w\" sizes=\"(max-width: 569px) 100vw, 569px\" \/><\/figure>\n<\/div>\n\n<div class=\"wp-block-image\">\n<figure class=\"aligncenter size-large\"><img loading=\"lazy\" decoding=\"async\" width=\"726\" height=\"1024\" src=\"https:\/\/www.sarahcarina.de\/wp-content\/uploads\/2026\/03\/659083812_3810185655957119_8044103720933981022_n-726x1024.jpg\" alt=\"\" class=\"wp-image-1224\" srcset=\"https:\/\/www.sarahcarina.de\/wp-content\/uploads\/2026\/03\/659083812_3810185655957119_8044103720933981022_n-726x1024.jpg 726w, https:\/\/www.sarahcarina.de\/wp-content\/uploads\/2026\/03\/659083812_3810185655957119_8044103720933981022_n-213x300.jpg 213w, https:\/\/www.sarahcarina.de\/wp-content\/uploads\/2026\/03\/659083812_3810185655957119_8044103720933981022_n-768x1084.jpg 768w, https:\/\/www.sarahcarina.de\/wp-content\/uploads\/2026\/03\/659083812_3810185655957119_8044103720933981022_n-1088x1536.jpg 1088w, https:\/\/www.sarahcarina.de\/wp-content\/uploads\/2026\/03\/659083812_3810185655957119_8044103720933981022_n.jpg 1451w\" sizes=\"(max-width: 726px) 100vw, 726px\" \/><\/figure>\n<\/div>","protected":false},"excerpt":{"rendered":"<p>Live-Momente, die verbinden. Hier findest du alle aktuellen Termine und Auftritte von Sarah Carina. Ob Stadtfest, Kulturveranstaltung, Konzert oder besondere<\/p>\n","protected":false},"author":1,"featured_media":0,"parent":0,"menu_order":0,"comment_status":"closed","ping_status":"closed","template":"","meta":{"footnotes":""},"class_list":["post-577","page","type-page","status-publish","hentry"],"_links":{"self":[{"href":"https:\/\/www.sarahcarina.de\/index.php?rest_route=\/wp\/v2\/pages\/577","targetHints":{"allow":["GET"]}}],"collection":[{"href":"https:\/\/www.sarahcarina.de\/index.php?rest_route=\/wp\/v2\/pages"}],"about":[{"href":"https:\/\/www.sarahcarina.de\/index.php?rest_route=\/wp\/v2\/types\/page"}],"author":[{"embeddable":true,"href":"https:\/\/www.sarahcarina.de\/index.php?rest_route=\/wp\/v2\/users\/1"}],"replies":[{"embeddable":true,"href":"https:\/\/www.sarahcarina.de\/index.php?rest_route=%2Fwp%2Fv2%2Fcomments&post=577"}],"version-history":[{"count":65,"href":"https:\/\/www.sarahcarina.de\/index.php?rest_route=\/wp\/v2\/pages\/577\/revisions"}],"predecessor-version":[{"id":1226,"href":"https:\/\/www.sarahcarina.de\/index.php?rest_route=\/wp\/v2\/pages\/577\/revisions\/1226"}],"wp:attachment":[{"href":"https:\/\/www.sarahcarina.de\/index.php?rest_route=%2Fwp%2Fv2%2Fmedia&parent=577"}],"curies":[{"name":"wp","href":"https:\/\/api.w.org\/{rel}","templated":true}]}}